{"id":77070,"date":"2014-12-11T17:50:51","date_gmt":"2014-12-11T17:50:51","guid":{"rendered":"https:\/\/snellic.com\/about-us\/"},"modified":"2025-12-02T14:04:52","modified_gmt":"2025-12-02T14:04:52","slug":"nosotros","status":"publish","type":"page","link":"https:\/\/snellic.com\/es\/nosotros\/","title":{"rendered":"Nosotros"},"content":{"rendered":"<p>[vc_row][vc_column width=\u00bb1\/1&#8243;][vc_empty_space empty_h=\u00bb2&#8243; mobile_visibility=\u00bbyes\u00bb][vc_row_inner][vc_column_inner width=\u00bb1\/2&#8243;][vc_icon position=\u00bbleft\u00bb icon=\u00bbfa fa-rocket2&#8243; icon_color=\u00bbaccent\u00bb size=\u00bbfa-3x\u00bb heading_semantic=\u00bbh2&#8243; title=\u00bbNuestra misi\u00f3n\u00bb]<span style=\"color: #000;\">Proveer a nuestros clientes con <strong style=\"font-weight: 800;\">soluciones tecnol\u00f3gicas<\/strong> innovadoras y personalizadas que mejoren su <strong style=\"font-weight: 800;\">presencia online<\/strong> y optimicen sus procesos internos. Con <strong style=\"font-weight: 800;\">12 a\u00f1os<\/strong> de experiencia en el sector, nuestro enfoque est\u00e1 en la <strong style=\"font-weight: 800;\">calidad<strong> y la satisfacci\u00f3n del cliente.<\/strong><\/strong><\/span>[\/vc_icon][\/vc_column_inner][vc_column_inner width=\u00bb1\/2&#8243;][vc_icon position=\u00bbleft\u00bb icon=\u00bbfa fa-steam\u00bb icon_color=\u00bbaccent\u00bb size=\u00bbfa-3x\u00bb heading_semantic=\u00bbh2&#8243; title=\u00bbNuestro equipo\u00bb]<span style=\"color: #000;\">Contamos con un equipo de expertos en diversas \u00e1reas del <strong style=\"font-weight: 800;\">desarrollo<\/strong> y <strong style=\"font-weight: 800;\">dise\u00f1o web<\/strong>. Cada miembro aporta un conjunto \u00fanico de habilidades y experiencias que enriquecen nuestros proyectos.<\/span>[\/vc_icon][\/vc_column_inner][\/vc_row_inner][vc_row_inner][vc_column_inner width=\u00bb1\/2&#8243;][vc_icon position=\u00bbleft\u00bb icon=\u00bbfa fa-balance-scale\u00bb icon_color=\u00bbaccent\u00bb size=\u00bbfa-3x\u00bb heading_semantic=\u00bbh2&#8243; title=\u00bbNuestros Valores\u00bb]<span style=\"color: #000;\">\u25cf <strong style=\"font-weight: 800;\">Innovaci\u00f3n<\/strong>: Nos mantenemos a la vanguardia de las tecnolog\u00edas y metodolog\u00edas m\u00e1s recientes.<br \/>\n\u25cf <strong style=\"font-weight: 800;\">Calidad<\/strong>: Nos esforzamos por entregar productos de la m\u00e1s alta calidad.<br \/>\n\u25cf <strong style=\"font-weight: 800;\">Compromiso<\/strong>: Nos dedicamos a cumplir y superar las expectativas de nuestros clientes.<\/span>[\/vc_icon][\/vc_column_inner][vc_column_inner width=\u00bb1\/2&#8243;][vc_icon position=\u00bbleft\u00bb icon=\u00bbfa fa-star-o\u00bb icon_color=\u00bbaccent\u00bb size=\u00bbfa-3x\u00bb heading_semantic=\u00bbh2&#8243; title=\u00bbProyectos Destacados\u00bb]<span style=\"color: #000;\">Hemos trabajado con diversas empresas de diferentes sectores, incluyendo <strong style=\"font-weight: 800;\">comercio online, farmaceuticas, sector medico, moda<\/strong>. Estos proyectos han demostrado nuestra capacidad para adaptarnos y ofrecer <strong style=\"font-weight: 800;\">soluciones efectivas<\/strong> y personalizadas.<\/span>[\/vc_icon][\/vc_column_inner][\/vc_row_inner][vc_empty_space empty_h=\u00bb2&#8243; mobile_visibility=\u00bbyes\u00bb][\/vc_column][\/vc_row][vc_row unlock_row_content=\u00bbyes\u00bb row_height_percent=\u00bb0&#8243; overlay_alpha=\u00bb50&#8243; gutter_size=\u00bb3&#8243; column_width_percent=\u00bb100&#8243; shift_y=\u00bb0&#8243; z_index=\u00bb0&#8243;][vc_column width=\u00bb1\/1&#8243;][snelic_index el_id=\u00bbindex-150510&#8243; index_type=\u00bbcarousel\u00bb loop=\u00bbsize:6|order_by:date|post_type:portfolio\u00bb carousel_lg=\u00bb4&#8243; carousel_md=\u00bb3&#8243; carousel_sm=\u00bb1&#8243; thumb_size=\u00bbfour-three\u00bb gutter_size=\u00bb2&#8243; post_items=\u00bbmedia|featured|onpost|original,icon\u00bb portfolio_items=\u00bbmedia|featured|onpost|original,icon\u00bb carousel_interval=\u00bb3000&#8243; carousel_navspeed=\u00bb400&#8243; stage_padding=\u00bb0&#8243; single_overlay_opacity=\u00bb50&#8243; single_padding=\u00bb2&#8243; items=\u00bbeyI3NTQ1NF9pIjp7InNpbmdsZV9zdHlsZSI6ImxpZ2h0In19&#8243;][\/vc_column][\/vc_row][vc_row row_height_percent=\u00bb0&#8243; back_image=\u00bb75384&#8243; overlay_color=\u00bbcolor-prif\u00bb overlay_alpha=\u00bb80&#8243; gutter_size=\u00bb3&#8243; column_width_percent=\u00bb100&#8243; shift_y=\u00bb0&#8243; z_index=\u00bb0&#8243; el_class=\u00bbcontact-about-btn\u00bb][vc_column width=\u00bb1\/1&#8243;][vc_row_inner][vc_column_inner width=\u00bb1\/1&#8243;][vc_empty_space empty_h=\u00bb2&#8243; mobile_visibility=\u00bbyes\u00bb][vc_custom_heading heading_semantic=\u00bbh1&#8243; text_size=\u00bbh1&#8243;]<span style=\"text-align: center; color: #fff;\">\u00bfListo para comenzar tu pr\u00f3ximo <strong>proyecto<\/strong>?<\/span>[\/vc_custom_heading][vc_custom_heading heading_semantic=\u00bbh1&#8243; text_size=\u00bbh1&#8243;]<span style=\"text-align: center; color: #fff;\">\u00a1Construy\u00e1moslo juntos!<\/span>[\/vc_custom_heading][vc_empty_space empty_h=\u00bb2&#8243;][vc_button button_color=\u00bbcolor-xsdn\u00bb size=\u00bbbtn-xl\u00bb outline=\u00bbyes\u00bb custom_typo=\u00bbyes\u00bb font_family=\u00bbfont-555555&#8243; font_weight=\u00bb700&#8243; border_width=\u00bb0&#8243; link=\u00bburl:https%3A%2F%2Fsnellic.com%2Fcontact-us|title:Contactar||\u00bb width=\u00bb200&#8243; el_class=\u00bbsaber-mas-home-btn\u00bb]Cont\u00e1ctanos[\/vc_button][vc_empty_space empty_h=\u00bb2&#8243; mobile_visibility=\u00bbyes\u00bb][\/vc_column_inner][\/vc_row_inner][\/vc_column][\/vc_row]<\/p>\n","protected":false},"excerpt":{"rendered":"<p>[vc_row][vc_column width=\u00bb1\/1&#8243;][vc_empty_space empty_h=\u00bb2&#8243; mobile_visibility=\u00bbyes\u00bb][vc_row_inner][vc_column_inner width=\u00bb1\/2&#8243;][vc_icon position=\u00bbleft\u00bb icon=\u00bbfa fa-rocket2&#8243; icon_color=\u00bbaccent\u00bb size=\u00bbfa-3x\u00bb heading_semantic=\u00bbh2&#8243; title=\u00bbNuestra misi\u00f3n\u00bb]Proveer a nuestros clientes con soluciones tecnol\u00f3gicas innovadoras [&hellip;]<\/p>\n","protected":false},"author":1,"featured_media":0,"parent":0,"menu_order":0,"comment_status":"closed","ping_status":"closed","template":"","meta":{"footnotes":""},"class_list":["post-77070","page","type-page","status-publish","hentry"],"_links":{"self":[{"href":"https:\/\/snellic.com\/es\/wp-json\/wp\/v2\/pages\/77070","targetHints":{"allow":["GET"]}}],"collection":[{"href":"https:\/\/snellic.com\/es\/wp-json\/wp\/v2\/pages"}],"about":[{"href":"https:\/\/snellic.com\/es\/wp-json\/wp\/v2\/types\/page"}],"author":[{"embeddable":true,"href":"https:\/\/snellic.com\/es\/wp-json\/wp\/v2\/users\/1"}],"replies":[{"embeddable":true,"href":"https:\/\/snellic.com\/es\/wp-json\/wp\/v2\/comments?post=77070"}],"version-history":[{"count":1,"href":"https:\/\/snellic.com\/es\/wp-json\/wp\/v2\/pages\/77070\/revisions"}],"predecessor-version":[{"id":77076,"href":"https:\/\/snellic.com\/es\/wp-json\/wp\/v2\/pages\/77070\/revisions\/77076"}],"wp:attachment":[{"href":"https:\/\/snellic.com\/es\/wp-json\/wp\/v2\/media?parent=77070"}],"curies":[{"name":"wp","href":"https:\/\/api.w.org\/{rel}","templated":true}]}}