{"id":77088,"date":"2014-12-11T16:34:15","date_gmt":"2014-12-11T16:34:15","guid":{"rendered":"https:\/\/snellic.com\/web-development-services-barcelona\/"},"modified":"2025-12-02T14:06:13","modified_gmt":"2025-12-02T14:06:13","slug":"servicios-desarrollo-web-barcelona","status":"publish","type":"page","link":"https:\/\/snellic.com\/es\/servicios-desarrollo-web-barcelona\/","title":{"rendered":"Servicios"},"content":{"rendered":"<p>[vc_row unlock_row_content=\u00bbyes\u00bb row_height_percent=\u00bb0&#8243; override_padding=\u00bbyes\u00bb h_padding=\u00bb0&#8243; top_padding=\u00bb0&#8243; bottom_padding=\u00bb0&#8243; overlay_alpha=\u00bb100&#8243; equal_height=\u00bbyes\u00bb gutter_size=\u00bb0&#8243; column_width_percent=\u00bb100&#8243; shift_y=\u00bb0&#8243; z_index=\u00bb0&#8243; style=\u00bbinherited\u00bb row_name=\u00bbservicios-desarrollo\u00bb shape_dividers=\u00bb\u00bb][vc_column column_width_percent=\u00bb100&#8243; position_horizontal=\u00bbleft\u00bb override_padding=\u00bbyes\u00bb column_padding=\u00bb5&#8243; back_color=\u00bbcolor-xsdn\u00bb overlay_alpha=\u00bb100&#8243; gutter_size=\u00bb3&#8243; medium_width=\u00bb100&#8243; shift_x=\u00bb0&#8243; shift_y=\u00bb0&#8243; z_index=\u00bb0&#8243; zoom_width=\u00bb0&#8243; zoom_height=\u00bb0&#8243; width=\u00bb1\/3&#8243; safe_padding=\u00bbyes\u00bb][vc_custom_heading text_size=\u00bbh3&#8243; text_weight=\u00bb700&#8243; text_transform=\u00bbuppercase\u00bb]\u00bfC\u00f3mo lo hacemos?[\/vc_custom_heading][vc_separator][vc_column_text]Combinamos nuestra pasi\u00f3n por la <strong style=\"font-weight: 800;\">tecnolog\u00eda<\/strong>, los <strong style=\"font-weight: 800;\">datos<\/strong> y la <strong style=\"font-weight: 800;\">comunicaci\u00f3n<\/strong> para encontrar <strong style=\"font-weight: 800;\">soluciones exclusivas<\/strong> que cumplan las necesidades de nuestros clientes. Te ayudamos en cada paso del <strong style=\"font-weight: 800;\">desarrollo<\/strong>, empezando desde formar los requerimientos hasta llevar tu <strong style=\"font-weight: 800;\">negocio online<\/strong>, siempre dando las mejores <strong style=\"font-weight: 800;\">soluciones arquitect\u00f3nicas<\/strong>.[\/vc_column_text][\/vc_column][vc_column column_width_percent=\u00bb100&#8243; position_horizontal=\u00bbleft\u00bb override_padding=\u00bbyes\u00bb column_padding=\u00bb5&#8243; back_color=\u00bbcolor-lxmt\u00bb overlay_alpha=\u00bb0&#8243; gutter_size=\u00bb3&#8243; medium_width=\u00bb100&#8243; shift_x=\u00bb0&#8243; shift_y=\u00bb0&#8243; z_index=\u00bb0&#8243; zoom_width=\u00bb0&#8243; zoom_height=\u00bb0&#8243; width=\u00bb2\/3&#8243; safe_padding=\u00bbyes\u00bb][vc_row_inner row_inner_height_percent=\u00bb0&#8243; overlay_alpha=\u00bb50&#8243; gutter_size=\u00bb4&#8243; shift_y=\u00bb0&#8243;][vc_column_inner width=\u00bb1\/2&#8243;][vc_icon icon=\u00bbfa fa-cogs\u00bb icon_color=\u00bbaccent\u00bb size=\u00bbfa-3x\u00bb text_size=\u00bbh5&#8243; text_weight=\u00bb700&#8243; align=\u00bbleft\u00bb title=\u00bbDesarrollo Web\u00bb link=\u00bb|||\u00bb]Utilizamos las \u00faltimas tecnolog\u00edas en desarrollo web para ofrecerte soluciones m\u00e1s avanzadas y escalables. Nuestro equipo de expertos se encarga de cada detalle, asegurando que cada proyecto sea \u00fanico y completamente adaptado a las necesidades de tu empresa. Con las tecnolog\u00edas y frameworks utilizados, garantizamos que tu web sea funcional, atractiva y eficiente. Implementamos t\u00e9cnicas de responsive design, SEO-friendly structures y performance optimization para garantizar la mejor experiencia de usuario y posicionamiento en buscadores.[\/vc_icon][\/vc_column_inner][vc_column_inner width=\u00bb1\/2&#8243;][vc_icon icon=\u00bbfa fa-phone2&#8243; icon_color=\u00bbaccent\u00bb size=\u00bbfa-3x\u00bb text_size=\u00bbh5&#8243; align=\u00bbleft\u00bb title=\u00bbDesarrollo Mobile\u00bb]Ofrecemos desarrollo de aplicaciones nativas y web, con una integraci\u00f3n perfecta para que tu negocio est\u00e9 al alcance de todos, en cualquier dispositivo. Nos aseguramos de que tu aplicaci\u00f3n sea intuitiva, r\u00e1pida y segura, proporcionando una experiencia de usuario \u00f3ptima. Utilizamos las tecnolog\u00edas m\u00e1s avanzadas y seguimos las mejores pr\u00e1cticas en UI\/UX design para aplicaciones m\u00f3viles de alta calidad.[\/vc_icon][\/vc_column_inner][\/vc_row_inner][vc_row_inner row_inner_height_percent=\u00bb0&#8243; overlay_alpha=\u00bb50&#8243; gutter_size=\u00bb4&#8243; shift_y=\u00bb0&#8243;][vc_column_inner width=\u00bb1\/2&#8243;][vc_icon icon=\u00bbfa fa-shopping-cart2&#8243; icon_color=\u00bbaccent\u00bb size=\u00bbfa-3x\u00bb text_size=\u00bbh5&#8243; align=\u00bbleft\u00bb title=\u00bbEcommerce\u00bb]Te ayudamos a crear tu tienda online para que puedas empezar a vender enseguida. Nuestro equipo se encarga de todo, desde el dise\u00f1o de la tienda hasta la configuraci\u00f3n de los sistemas de pago, para que puedas gestionar tus ventas de manera f\u00e1cil y eficaz. Utilizamos Magento y Prestashop para asegurar que tu tienda sea robusta y escalable. Implementamos integraciones con sistemas de gesti\u00f3n para optimizar la gesti\u00f3n de inventarios y pedidos.[\/vc_icon][\/vc_column_inner][vc_column_inner width=\u00bb1\/2&#8243;][vc_icon icon=\u00bbfa fa-file-code-o\u00bb icon_color=\u00bbaccent\u00bb size=\u00bbfa-3x\u00bb text_size=\u00bbh5&#8243; align=\u00bbleft\u00bb title=\u00bbConsultor\u00eda Tecnol\u00f3gica\u00bb]Proveemos asesor\u00eda especializada para ayudarte a tomar decisiones informadas sobre la mejor tecnolog\u00eda a implementar en tu negocio. Con m\u00e1s de15 a\u00f1os en el sector, ofrecemos recomendaciones basadas en datos y tendencias del mercado.[\/vc_icon][\/vc_column_inner][\/vc_row_inner][vc_empty_space empty_h=\u00bb2&#8243;][vc_row_inner][vc_column_inner width=\u00bb1\/3&#8243;][\/vc_column_inner][vc_column_inner width=\u00bb1\/3&#8243;][vc_button button_color=\u00bbcolor-204197&#8243; size=\u00bbbtn-lg\u00bb hover_fx=\u00bboutlined\u00bb custom_typo=\u00bbyes\u00bb font_family=\u00bbfont-762333&#8243; font_weight=\u00bb700&#8243; border_width=\u00bb0&#8243; css_animation=\u00bbbottom-t-top\u00bb animation_delay=\u00bb300&#8243; link=\u00bburl:%2Fcontact-us|||\u00bb width=\u00bb200&#8243;]PEDIR PRESUPUESTO[\/vc_button][\/vc_column_inner][vc_column_inner width=\u00bb1\/3&#8243;][\/vc_column_inner][\/vc_row_inner][\/vc_column][\/vc_row][vc_row row_height_percent=\u00bb62&#8243; back_color=\u00bbcolor-jevc\u00bb back_image=\u00bb74483&#8243; back_position=\u00bbcenter center\u00bb kburns=\u00bbyes\u00bb overlay_color=\u00bbaccent\u00bb overlay_alpha=\u00bb50&#8243; equal_height=\u00bbyes\u00bb gutter_size=\u00bb0&#8243; column_width_use_pixel=\u00bbyes\u00bb shift_y=\u00bb0&#8243; z_index=\u00bb0&#8243; row_name=\u00bbContact\u00bb][vc_column column_width_use_pixel=\u00bbyes\u00bb position_vertical=\u00bbmiddle\u00bb align_horizontal=\u00bbalign_center\u00bb style=\u00bbdark\u00bb overlay_alpha=\u00bb50&#8243; gutter_size=\u00bb3&#8243; medium_width=\u00bb0&#8243; mobile_width=\u00bb0&#8243; shift_x=\u00bb0&#8243; shift_y=\u00bb0&#8243; shift_y_down=\u00bb0&#8243; z_index=\u00bb0&#8243; width=\u00bb1\/1&#8243;][vc_row_inner row_inner_height_percent=\u00bb0&#8243; overlay_alpha=\u00bb50&#8243; gutter_size=\u00bb3&#8243; shift_y=\u00bb0&#8243; z_index=\u00bb0&#8243;][vc_column_inner column_width_use_pixel=\u00bbyes\u00bb position_vertical=\u00bbmiddle\u00bb align_horizontal=\u00bbalign_center\u00bb style=\u00bbdark\u00bb gutter_size=\u00bb3&#8243; overlay_alpha=\u00bb50&#8243; medium_width=\u00bb0&#8243; mobile_width=\u00bb0&#8243; shift_x=\u00bb0&#8243; shift_y=\u00bb0&#8243; shift_y_down=\u00bb0&#8243; z_index=\u00bb0&#8243; width=\u00bb1\/1&#8243; column_width_pixel=\u00bb900&#8243;][vc_custom_heading heading_semantic=\u00bbh1&#8243; text_size=\u00bbfontsize-338686&#8243; text_space=\u00bbfontspace-781688&#8243; text_font=\u00bbfont-329340&#8243; text_weight=\u00bb300&#8243; css_animation=\u00bbtop-t-bottom\u00bb animation_delay=\u00bb200&#8243;]<span class=\"font-377884\">\u00bfNecesitas inspiraci\u00f3n?<br \/>\n<\/span>[\/vc_custom_heading][\/vc_column_inner][\/vc_row_inner][vc_row_inner row_inner_height_percent=\u00bb0&#8243; overlay_alpha=\u00bb50&#8243; gutter_size=\u00bb3&#8243; shift_y=\u00bb0&#8243; z_index=\u00bb0&#8243;][vc_column_inner column_width_use_pixel=\u00bbyes\u00bb position_vertical=\u00bbmiddle\u00bb align_horizontal=\u00bbalign_center\u00bb style=\u00bbdark\u00bb gutter_size=\u00bb3&#8243; overlay_alpha=\u00bb50&#8243; medium_width=\u00bb0&#8243; mobile_width=\u00bb0&#8243; shift_x=\u00bb0&#8243; shift_y=\u00bb0&#8243; shift_y_down=\u00bb0&#8243; z_index=\u00bb0&#8243; width=\u00bb1\/1&#8243; column_width_pixel=\u00bb740&#8243;][vc_empty_space empty_h=\u00bb0&#8243; mobile_visibility=\u00bbyes\u00bb][vc_button button_color=\u00bbcolor-xsdn\u00bb size=\u00bbbtn-lg\u00bb custom_typo=\u00bbyes\u00bb font_family=\u00bbfont-555555&#8243; font_weight=\u00bb700&#8243; border_width=\u00bb0&#8243; css_animation=\u00bbbottom-t-top\u00bb animation_delay=\u00bb300&#8243; link=\u00bburl:https%3A%2F%2Fsnellic.com%2Fproyectos-agencia-digital-barcelona|||\u00bb width=\u00bb200&#8243; el_class=\u00bbver-proyectos-btn\u00bb]VER PROYECTOS[\/vc_button][\/vc_column_inner][\/vc_row_inner][\/vc_column][\/vc_row]<\/p>\n","protected":false},"excerpt":{"rendered":"<p>[vc_row unlock_row_content=\u00bbyes\u00bb row_height_percent=\u00bb0&#8243; override_padding=\u00bbyes\u00bb h_padding=\u00bb0&#8243; top_padding=\u00bb0&#8243; bottom_padding=\u00bb0&#8243; overlay_alpha=\u00bb100&#8243; equal_height=\u00bbyes\u00bb gutter_size=\u00bb0&#8243; column_width_percent=\u00bb100&#8243; shift_y=\u00bb0&#8243; z_index=\u00bb0&#8243; style=\u00bbinherited\u00bb row_name=\u00bbservicios-desarrollo\u00bb shape_dividers=\u00bb\u00bb][vc_column column_width_percent=\u00bb100&#8243; position_horizontal=\u00bbleft\u00bb override_padding=\u00bbyes\u00bb column_padding=\u00bb5&#8243; [&hellip;]<\/p>\n","protected":false},"author":1,"featured_media":0,"parent":0,"menu_order":0,"comment_status":"closed","ping_status":"closed","template":"","meta":{"footnotes":""},"class_list":["post-77088","page","type-page","status-publish","hentry"],"_links":{"self":[{"href":"https:\/\/snellic.com\/es\/wp-json\/wp\/v2\/pages\/77088","targetHints":{"allow":["GET"]}}],"collection":[{"href":"https:\/\/snellic.com\/es\/wp-json\/wp\/v2\/pages"}],"about":[{"href":"https:\/\/snellic.com\/es\/wp-json\/wp\/v2\/types\/page"}],"author":[{"embeddable":true,"href":"https:\/\/snellic.com\/es\/wp-json\/wp\/v2\/users\/1"}],"replies":[{"embeddable":true,"href":"https:\/\/snellic.com\/es\/wp-json\/wp\/v2\/comments?post=77088"}],"version-history":[{"count":3,"href":"https:\/\/snellic.com\/es\/wp-json\/wp\/v2\/pages\/77088\/revisions"}],"predecessor-version":[{"id":77607,"href":"https:\/\/snellic.com\/es\/wp-json\/wp\/v2\/pages\/77088\/revisions\/77607"}],"wp:attachment":[{"href":"https:\/\/snellic.com\/es\/wp-json\/wp\/v2\/media?parent=77088"}],"curies":[{"name":"wp","href":"https:\/\/api.w.org\/{rel}","templated":true}]}}