{"id":77107,"date":"2017-08-30T11:33:14","date_gmt":"2017-08-30T11:33:14","guid":{"rendered":"https:\/\/snellic.com\/software-web-development-in-barcelona\/"},"modified":"2025-12-02T14:04:10","modified_gmt":"2025-12-02T14:04:10","slug":"software-web-development-in-barcelona","status":"publish","type":"page","link":"https:\/\/snellic.com\/es\/","title":{"rendered":"Desarrollo Software &#038; Web en Barcelona"},"content":{"rendered":"<p>[vc_row row_height_percent=\u00bb100&#8243; back_color=\u00bbcolor-xsdn\u00bb back_image=\u00bb75361&#8243; overlay_alpha=\u00bb90&#8243; gutter_size=\u00bb100&#8243; column_width_percent=\u00bb100&#8243; shift_y=\u00bb0&#8243; z_index=\u00bb0&#8243; style=\u00bbinherited\u00bb row_name=\u00bbNuestros servicios\u00bb el_class=\u00bbhome-servicios-title\u00bb][vc_column column_width_percent=\u00bb100&#8243; position_vertical=\u00bbmiddle\u00bb align_horizontal=\u00bbalign_center\u00bb overlay_alpha=\u00bb100&#8243; gutter_size=\u00bb4&#8243; medium_width=\u00bb0&#8243; mobile_width=\u00bb0&#8243; shift_x=\u00bb0&#8243; shift_y=\u00bb0&#8243; shift_y_down=\u00bb0&#8243; z_index=\u00bb0&#8243; zoom_width=\u00bb0&#8243; zoom_height=\u00bb0&#8243; width=\u00bb1\/1&#8243;][vc_row_inner][vc_column_inner column_width_use_pixel=\u00bbyes\u00bb align_horizontal=\u00bbalign_center\u00bb gutter_size=\u00bb3&#8243; overlay_alpha=\u00bb50&#8243; medium_width=\u00bb0&#8243; mobile_width=\u00bb0&#8243; shift_x=\u00bb0&#8243; shift_y=\u00bb0&#8243; shift_y_down=\u00bb0&#8243; z_index=\u00bb0&#8243; css_animation=\u00bbalpha-anim\u00bb width=\u00bb1\/1&#8243; column_width_pixel=\u00bb780&#8243;][vc_custom_heading text_size=\u00bbh1&#8243; text_weight=\u00bb300&#8243;]<\/p>\n<h2><strong><span class=\"font-377884\" style=\"font-weight: bold !important;\">NUESTROS SERVICIOS<\/span><\/strong><\/h2>\n<p>[\/vc_custom_heading][\/vc_column_inner][\/vc_row_inner][vc_row_inner row_inner_height_percent=\u00bb0&#8243; overlay_alpha=\u00bb100&#8243; gutter_size=\u00bb3&#8243; shift_y=\u00bb0&#8243; z_index=\u00bb0&#8243;][vc_column_inner column_width_percent=\u00bb100&#8243; align_horizontal=\u00bbalign_center\u00bb gutter_size=\u00bb3&#8243; font_family=\u00bbfont-329340&#8243; overlay_alpha=\u00bb100&#8243; medium_width=\u00bb3&#8243; mobile_width=\u00bb7&#8243; shift_x=\u00bb0&#8243; shift_y=\u00bb0&#8243; shift_y_down=\u00bb0&#8243; z_index=\u00bb0&#8243; css_animation=\u00bbalpha-anim\u00bb zoom_width=\u00bb0&#8243; zoom_height=\u00bb0&#8243; width=\u00bb1\/3&#8243;][vc_icon icon=\u00bbfa fa-cogs\u00bb icon_color=\u00bbaccent\u00bb size=\u00bbfa-3x\u00bb text_weight=\u00bb600&#8243; text_lead=\u00bbyes\u00bb text_reduced=\u00bbyes\u00bb linked_title=\u00bbyes\u00bb align=\u00bbleft\u00bb title=\u00bbDesarrollo Web\u00bb]Creamos aplicaciones web desde el principio hasta el final, asegurando que cada proyecto sea \u00fanico y completamente adaptado a las necesidades de tu empresa. Utilizamos <strong>Symfony, Laravel y Angular<\/strong>, garantizando que tu web sea funcional, atractiva y eficiente.[\/vc_icon][\/vc_column_inner][vc_column_inner column_width_percent=\u00bb100&#8243; align_horizontal=\u00bbalign_center\u00bb gutter_size=\u00bb3&#8243; font_family=\u00bbfont-329340&#8243; overlay_alpha=\u00bb100&#8243; medium_width=\u00bb3&#8243; mobile_width=\u00bb7&#8243; shift_x=\u00bb0&#8243; shift_y=\u00bb0&#8243; shift_y_down=\u00bb0&#8243; z_index=\u00bb0&#8243; css_animation=\u00bbalpha-anim\u00bb animation_delay=\u00bb200&#8243; zoom_width=\u00bb0&#8243; zoom_height=\u00bb0&#8243; width=\u00bb1\/3&#8243;][vc_icon icon=\u00bbfa fa-smartphone\u00bb icon_color=\u00bbaccent\u00bb size=\u00bbfa-3x\u00bb text_weight=\u00bb600&#8243; text_lead=\u00bbyes\u00bb text_reduced=\u00bbyes\u00bb linked_title=\u00bbyes\u00bb align=\u00bbleft\u00bb title=\u00bbDesarrollo Mobile\u00bb]Ofrecemos <strong>desarrollo de aplicaciones nativas y web<\/strong>, con una integraci\u00f3n perfecta para que tu negocio est\u00e9 al alcance de todos, en cualquier dispositivo. Nos aseguramos de que tu aplicaci\u00f3n sea intuitiva, r\u00e1pida y segura, proporcionando una <strong>experiencia de usuario<\/strong> \u00f3ptima.[\/vc_icon][\/vc_column_inner][vc_column_inner column_width_percent=\u00bb100&#8243; align_horizontal=\u00bbalign_center\u00bb gutter_size=\u00bb3&#8243; font_family=\u00bbfont-329340&#8243; overlay_alpha=\u00bb100&#8243; medium_width=\u00bb3&#8243; mobile_width=\u00bb7&#8243; shift_x=\u00bb0&#8243; shift_y=\u00bb0&#8243; shift_y_down=\u00bb0&#8243; z_index=\u00bb0&#8243; css_animation=\u00bbalpha-anim\u00bb animation_delay=\u00bb400&#8243; zoom_width=\u00bb0&#8243; zoom_height=\u00bb0&#8243; width=\u00bb1\/3&#8243;][vc_icon icon=\u00bbfa fa-shopping-cart2&#8243; icon_color=\u00bbaccent\u00bb size=\u00bbfa-3x\u00bb text_weight=\u00bb600&#8243; text_lead=\u00bbyes\u00bb text_reduced=\u00bbyes\u00bb linked_title=\u00bbyes\u00bb align=\u00bbleft\u00bb title=\u00bbEcommerce\u00bb]Te ayudamos a crear tu <strong>tienda online<\/strong> para que puedas empezar a vender enseguida. Nuestro equipo se encarga de todo, desde el dise\u00f1o de la tienda hasta la configuraci\u00f3n de los sistemas de pago, para que puedas gestionar tus ventas de manera f\u00e1cil y eficaz. Utilizamos <strong>Magento y Prestashop<\/strong> para asegurar que tu tienda sea robusta y escalable.[\/vc_icon][\/vc_column_inner][\/vc_row_inner][\/vc_column][\/vc_row][vc_row row_height_percent=\u00bb100&#8243; override_padding=\u00bbyes\u00bb h_padding=\u00bb0&#8243; top_padding=\u00bb2&#8243; bottom_padding=\u00bb2&#8243; back_color=\u00bbcolor-rgdb\u00bb overlay_alpha=\u00bb50&#8243; equal_height=\u00bbyes\u00bb gutter_size=\u00bb0&#8243; column_width_percent=\u00bb100&#8243; shift_y=\u00bb0&#8243; z_index=\u00bb0&#8243; el_class=\u00bbgradient portfolio\u00bb row_name=\u00bbWorks\u00bb][vc_column column_width_percent=\u00bb100&#8243; position_vertical=\u00bbmiddle\u00bb align_horizontal=\u00bbalign_center\u00bb override_padding=\u00bbyes\u00bb column_padding=\u00bb0&#8243; style=\u00bbdark\u00bb overlay_alpha=\u00bb50&#8243; gutter_size=\u00bb4&#8243; medium_width=\u00bb0&#8243; mobile_width=\u00bb0&#8243; shift_x=\u00bb0&#8243; shift_y=\u00bb0&#8243; shift_y_down=\u00bb0&#8243; z_index=\u00bb0&#8243; css_animation=\u00bbalpha-anim\u00bb width=\u00bb1\/1&#8243;][vc_custom_heading text_size=\u00bbh1&#8243; text_weight=\u00bb300&#8243;]PROYECTOS[\/vc_custom_heading][snelic_index el_id=\u00bbindex-48561198980&#8243; index_type=\u00bbcarousel\u00bb loop=\u00bbsize:6|order_by:date|post_type:portfolio\u00bb carousel_lg=\u00bb2&#8243; carousel_md=\u00bb1&#8243; carousel_sm=\u00bb1&#8243; thumb_size=\u00bbthree-two\u00bb gutter_size=\u00bb4&#8243; portfolio_items=\u00bbmedia|featured|onpost|original,icon|md\u00bb carousel_interval=\u00bb0&#8243; carousel_navspeed=\u00bb400&#8243; carousel_loop=\u00bbyes\u00bb carousel_overflow=\u00bbyes\u00bb carousel_dots=\u00bbyes\u00bb carousel_dots_space=\u00bbyes\u00bb carousel_dots_mobile=\u00bbyes\u00bb stage_padding=\u00bb25&#8243; single_text=\u00bboverlay\u00bb single_shape=\u00bbround\u00bb single_overlay_opacity=\u00bb50&#8243; single_h_align=\u00bbcenter\u00bb single_padding=\u00bb2&#8243; single_shadow=\u00bbyes\u00bb shadow_weight=\u00bbxl\u00bb shadow_darker=\u00bbyes\u00bb single_border=\u00bbyes\u00bb single_css_animation=\u00bbright-t-left\u00bb post_matrix=\u00bbmatrix\u00bb no_double_tap=\u00bbyes\u00bb matrix_items=\u00bbe30=\u00bb single_icon=\u00bbfa fa-plus2&#8243;][\/vc_column][\/vc_row][vc_row row_height_percent=\u00bb100&#8243; back_image=\u00bb15046&#8243; kburns=\u00bbyes\u00bb overlay_color=\u00bbaccent\u00bb overlay_alpha=\u00bb80&#8243; gutter_size=\u00bb4&#8243; column_width_percent=\u00bb100&#8243; shift_y=\u00bb0&#8243; z_index=\u00bb0&#8243; style=\u00bbinherited\u00bb row_name=\u00bbPor que elegirnos\u00bb el_class=\u00bbporque-home-bg\u00bb][vc_column column_width_use_pixel=\u00bbyes\u00bb position_vertical=\u00bbmiddle\u00bb align_horizontal=\u00bbalign_center\u00bb style=\u00bbdark\u00bb overlay_alpha=\u00bb100&#8243; gutter_size=\u00bb4&#8243; medium_width=\u00bb0&#8243; mobile_width=\u00bb0&#8243; shift_x=\u00bb0&#8243; shift_y=\u00bb0&#8243; shift_y_down=\u00bb0&#8243; z_index=\u00bb0&#8243; css_animation=\u00bbzoom-in\u00bb animation_delay=\u00bb200&#8243; zoom_width=\u00bb0&#8243; zoom_height=\u00bb0&#8243; width=\u00bb1\/1&#8243; column_width_pixel=\u00bb1200&#8243;][vc_custom_heading text_size=\u00bbh1&#8243; text_weight=\u00bb300&#8243; text_color=\u00bbcolor-xsdn\u00bb]<\/p>\n<h2><strong><span class=\"font-377884\" style=\"font-weight: bold !important; color: #fff;\">\u00bfPOR QU\u00c9 ELEGIR SNELLIC?<\/span><\/strong><\/h2>\n<p>[\/vc_custom_heading][vc_row_inner row_inner_height_percent=\u00bb0&#8243; overlay_alpha=\u00bb50&#8243; gutter_size=\u00bb3&#8243; shift_y=\u00bb0&#8243; z_index=\u00bb0&#8243;][vc_column_inner width=\u00bb1\/2&#8243;][vc_empty_space empty_h=\u00bb2&#8243; medium_visibility=\u00bbyes\u00bb mobile_visibility=\u00bbyes\u00bb][vc_custom_heading heading_semantic=\u00bbp\u00bb text_size=\u00bbh5&#8243; text_height=\u00bbfontheight-166991&#8243; text_weight=\u00bb400&#8243; text_color=\u00bbcolor-xsdn\u00bb]En Snellic, combinamos nuestra pasi\u00f3n por la tecnolog\u00eda, los datos y la comunicaci\u00f3n para encontrar soluciones exclusivas que cumplan con las necesidades de nuestros clientes. Nuestro enfoque se basa en la personalizaci\u00f3n y la calidad, asegurando que cada proyecto sea una obra maestra que refleje la esencia de tu negocio.<br \/>\nCont\u00e1ctanos hoy mismo para solicitar un presupuesto y descubrir c\u00f3mo podemos transformar tu presencia online. Mejora tu visibilidad, atrae m\u00e1s clientes y lleva tu negocio al siguiente nivel con Snellic.[\/vc_custom_heading][vc_button button_color=\u00bbcolor-xsdn\u00bb size=\u00bbbtn-xl\u00bb hover_fx=\u00bboutlined\u00bb outline=\u00bbyes\u00bb custom_typo=\u00bbyes\u00bb font_family=\u00bbfont-555555&#8243; font_weight=\u00bb700&#8243; border_width=\u00bb0&#8243; link=\u00bburl:https%3A%2F%2Fsnellic.com%2Fweb-development-services-barcelona%2F|title:Contactar||\u00bb width=\u00bb200&#8243; el_class=\u00bbsaber-mas-home-btn\u00bb]Saber m\u00e1s[\/vc_button][\/vc_column_inner][vc_column_inner width=\u00bb1\/2&#8243;][vc_single_image media=\u00bb76775&#8243; media_width_percent=\u00bb100&#8243; alignment=\u00bbcenter\u00bb][\/vc_column_inner][\/vc_row_inner][\/vc_column][\/vc_row][vc_row row_height_percent=\u00bb100&#8243; back_image=\u00bb75384&#8243; back_position=\u00bbcenter bottom\u00bb kburns=\u00bbyes\u00bb overlay_color=\u00bbcolor-prif\u00bb overlay_alpha=\u00bb80&#8243; equal_height=\u00bbyes\u00bb gutter_size=\u00bb0&#8243; column_width_use_pixel=\u00bbyes\u00bb shift_y=\u00bb0&#8243; z_index=\u00bb0&#8243; row_name=\u00bbContact\u00bb][vc_column column_width_use_pixel=\u00bbyes\u00bb position_vertical=\u00bbmiddle\u00bb align_horizontal=\u00bbalign_center\u00bb style=\u00bbdark\u00bb overlay_alpha=\u00bb50&#8243; gutter_size=\u00bb3&#8243; medium_width=\u00bb0&#8243; mobile_width=\u00bb0&#8243; shift_x=\u00bb0&#8243; shift_y=\u00bb0&#8243; shift_y_down=\u00bb0&#8243; z_index=\u00bb0&#8243; width=\u00bb1\/1&#8243;][vc_row_inner row_inner_height_percent=\u00bb0&#8243; overlay_alpha=\u00bb50&#8243; gutter_size=\u00bb3&#8243; shift_y=\u00bb0&#8243; z_index=\u00bb0&#8243;][vc_column_inner column_width_use_pixel=\u00bbyes\u00bb position_vertical=\u00bbmiddle\u00bb align_horizontal=\u00bbalign_center\u00bb style=\u00bbdark\u00bb gutter_size=\u00bb3&#8243; overlay_alpha=\u00bb50&#8243; medium_width=\u00bb0&#8243; mobile_width=\u00bb0&#8243; shift_x=\u00bb0&#8243; shift_y=\u00bb0&#8243; shift_y_down=\u00bb0&#8243; z_index=\u00bb0&#8243; width=\u00bb1\/1&#8243; column_width_pixel=\u00bb900&#8243;][vc_custom_heading heading_semantic=\u00bbh1&#8243; text_size=\u00bbfontsize-169808&#8243; text_weight=\u00bb300&#8243; css_animation=\u00bbtop-t-bottom\u00bb]\u00bfListo para comenzar tu pr\u00f3ximo <strong>proyecto<\/strong>?[\/vc_custom_heading][vc_custom_heading heading_semantic=\u00bbh1&#8243; text_size=\u00bbfontsize-169808&#8243; text_weight=\u00bb300&#8243; css_animation=\u00bbtop-t-bottom\u00bb]\u00a1Construy\u00e1moslo juntos![\/vc_custom_heading][vc_empty_space empty_h=\u00bb0&#8243; mobile_visibility=\u00bbyes\u00bb][vc_button size=\u00bbbtn-xl\u00bb outline=\u00bbyes\u00bb custom_typo=\u00bbyes\u00bb font_family=\u00bbfont-555555&#8243; font_weight=\u00bb700&#8243; border_width=\u00bb0&#8243; link=\u00bburl:https%3A%2F%2Fsnellic.com%2Fcontact-us|title:Contactar||\u00bb width=\u00bb200&#8243;]Cont\u00e1ctanos[\/vc_button][\/vc_column_inner][\/vc_row_inner][\/vc_column][\/vc_row]<\/p>\n","protected":false},"excerpt":{"rendered":"<p>[vc_row row_height_percent=\u00bb100&#8243; back_color=\u00bbcolor-xsdn\u00bb back_image=\u00bb75361&#8243; overlay_alpha=\u00bb90&#8243; gutter_size=\u00bb100&#8243; column_width_percent=\u00bb100&#8243; shift_y=\u00bb0&#8243; z_index=\u00bb0&#8243; style=\u00bbinherited\u00bb row_name=\u00bbNuestros servicios\u00bb el_class=\u00bbhome-servicios-title\u00bb][vc_column column_width_percent=\u00bb100&#8243; position_vertical=\u00bbmiddle\u00bb align_horizontal=\u00bbalign_center\u00bb overlay_alpha=\u00bb100&#8243; gutter_size=\u00bb4&#8243; medium_width=\u00bb0&#8243; mobile_width=\u00bb0&#8243; [&hellip;]<\/p>\n","protected":false},"author":1,"featured_media":76889,"parent":0,"menu_order":0,"comment_status":"closed","ping_status":"closed","template":"","meta":{"footnotes":""},"class_list":["post-77107","page","type-page","status-publish","has-post-thumbnail","hentry"],"_links":{"self":[{"href":"https:\/\/snellic.com\/es\/wp-json\/wp\/v2\/pages\/77107","targetHints":{"allow":["GET"]}}],"collection":[{"href":"https:\/\/snellic.com\/es\/wp-json\/wp\/v2\/pages"}],"about":[{"href":"https:\/\/snellic.com\/es\/wp-json\/wp\/v2\/types\/page"}],"author":[{"embeddable":true,"href":"https:\/\/snellic.com\/es\/wp-json\/wp\/v2\/users\/1"}],"replies":[{"embeddable":true,"href":"https:\/\/snellic.com\/es\/wp-json\/wp\/v2\/comments?post=77107"}],"version-history":[{"count":3,"href":"https:\/\/snellic.com\/es\/wp-json\/wp\/v2\/pages\/77107\/revisions"}],"predecessor-version":[{"id":77270,"href":"https:\/\/snellic.com\/es\/wp-json\/wp\/v2\/pages\/77107\/revisions\/77270"}],"wp:featuredmedia":[{"embeddable":true,"href":"https:\/\/snellic.com\/es\/wp-json\/wp\/v2\/media\/76889"}],"wp:attachment":[{"href":"https:\/\/snellic.com\/es\/wp-json\/wp\/v2\/media?parent=77107"}],"curies":[{"name":"wp","href":"https:\/\/api.w.org\/{rel}","templated":true}]}}